{"id":558,"date":"2025-06-02T17:49:42","date_gmt":"2025-06-02T17:49:42","guid":{"rendered":"https:\/\/tauroclima.com\/?post_type=product&#038;p=558"},"modified":"2025-06-02T18:28:49","modified_gmt":"2025-06-02T18:28:49","slug":"split-samsung-digital-inverter-6000f","status":"publish","type":"product","link":"https:\/\/tauroclima.com\/?product=split-samsung-digital-inverter-6000f","title":{"rendered":"Split Samsung Digital-Inverter 6000f"},"content":{"rendered":"<p>Funciona inteligentemente, ahorrando energ\u00eda<br \/>\nEl compresor Digital Inverter energ\u00e9ticamente eficiente mantiene la temperatura deseada sin tener que apagarse y encenderse constantemente. La funci\u00f3n Enfriamiento Instant\u00e1neo enfr\u00eda mucho m\u00e1s r\u00e1pido, al activar el compresor a nivel m\u00e1ximo con la mayor velocidad del ventilador por 30 minutos. La funci\u00f3n Auto Change Over selecciona autom\u00e1ticamente el modo de operaci\u00f3n (enfriamiento o calefacci\u00f3n) que sea necesario para mantener la temperatura constante. De esta forma podr\u00e1s disfrutar un ambiente confortable sin tener que modificar continuamente las configuraciones.<\/p>\n","protected":false},"excerpt":{"rendered":"<p>Frio\/Calor<br \/>\nCapacidad de enfriamiento 5.9 kW<br \/>\nCapacidad (Calefacci\u00f3n, kW) 6.2 kW<br \/>\nEnergy Efficiency Class for cooling [&hellip;]<\/p>\n","protected":false},"featured_media":561,"comment_status":"open","ping_status":"closed","template":"","meta":[],"product_brand":[19],"product_cat":[18],"product_tag":[],"class_list":{"0":"post-558","1":"product","2":"type-product","3":"status-publish","4":"has-post-thumbnail","6":"product_brand-samsung","7":"product_cat-sin-categorizar","9":"first","10":"instock","11":"virtual","12":"purchasable","13":"product-type-simple"},"jetpack_sharing_enabled":true,"_links":{"self":[{"href":"https:\/\/tauroclima.com\/index.php?rest_route=\/wp\/v2\/product\/558","targetHints":{"allow":["GET"]}}],"collection":[{"href":"https:\/\/tauroclima.com\/index.php?rest_route=\/wp\/v2\/product"}],"about":[{"href":"https:\/\/tauroclima.com\/index.php?rest_route=\/wp\/v2\/types\/product"}],"replies":[{"embeddable":true,"href":"https:\/\/tauroclima.com\/index.php?rest_route=%2Fwp%2Fv2%2Fcomments&post=558"}],"wp:featuredmedia":[{"embeddable":true,"href":"https:\/\/tauroclima.com\/index.php?rest_route=\/wp\/v2\/media\/561"}],"wp:attachment":[{"href":"https:\/\/tauroclima.com\/index.php?rest_route=%2Fwp%2Fv2%2Fmedia&parent=558"}],"wp:term":[{"taxonomy":"product_brand","embeddable":true,"href":"https:\/\/tauroclima.com\/index.php?rest_route=%2Fwp%2Fv2%2Fproduct_brand&post=558"},{"taxonomy":"product_cat","embeddable":true,"href":"https:\/\/tauroclima.com\/index.php?rest_route=%2Fwp%2Fv2%2Fproduct_cat&post=558"},{"taxonomy":"product_tag","embeddable":true,"href":"https:\/\/tauroclima.com\/index.php?rest_route=%2Fwp%2Fv2%2Fproduct_tag&post=558"}],"curies":[{"name":"wp","href":"https:\/\/api.w.org\/{rel}","templated":true}]}}