{"id":8,"date":"2025-05-17T14:02:30","date_gmt":"2025-05-17T14:02:30","guid":{"rendered":"https:\/\/tauroclima.com\/?page_id=8"},"modified":"2025-05-26T20:41:07","modified_gmt":"2025-05-26T20:41:07","slug":"inicio","status":"publish","type":"page","link":"https:\/\/tauroclima.com\/?page_id=8","title":{"rendered":"Inicio"},"content":{"rendered":"<div data-colibri-id=\"8-c1\" class=\"style-260 style-local-8-c1 position-relative\">\n  <!---->\n  <div data-colibri-component=\"section\" data-colibri-id=\"8-c2\" id=\"about\" class=\"h-section h-section-global-spacing d-flex align-items-lg-center align-items-md-center align-items-center style-265 style-local-8-c2 position-relative\">\n    <!---->\n    <!---->\n    <div class=\"h-section-grid-container h-section-boxed-container\">\n      <!---->\n      <div data-colibri-id=\"8-c19\" class=\"h-row-container gutters-row-lg-2 gutters-row-md-2 gutters-row-0 gutters-row-v-lg-2 gutters-row-v-md-2 gutters-row-v-2 style-515 style-local-8-c19 position-relative\">\n        <!---->\n        <div class=\"h-row justify-content-lg-center justify-content-md-center justify-content-center align-items-lg-stretch align-items-md-stretch align-items-stretch gutters-col-lg-2 gutters-col-md-2 gutters-col-0 gutters-col-v-lg-2 gutters-col-v-md-2 gutters-col-v-2\">\n          <!---->\n          <div class=\"h-column h-column-container d-flex h-col-lg-auto h-col-md-auto h-col-auto style-516-outer style-local-8-c20-outer\">\n            <div data-colibri-id=\"8-c20\" class=\"d-flex h-flex-basis h-column__inner h-px-lg-2 h-px-md-2 h-px-2 v-inner-lg-2 v-inner-md-2 v-inner-2 style-516 style-local-8-c20 position-relative\">\n              <!---->\n              <!---->\n              <div class=\"w-100 h-y-container h-column__content h-column__v-align flex-basis-100 align-self-lg-start align-self-md-start align-self-start\">\n                <!---->\n                <div data-colibri-id=\"8-c5\" class=\"h-global-transition-all h-heading style-268 style-local-8-c5 position-relative h-element\">\n                  <!---->\n                  <div class=\"h-heading__outer style-268 style-local-8-c5\">\n                    <!---->\n                    <!---->\n                    <h1 class=\"\">Quienes somos<\/h1>\n                  <\/div>\n                <\/div>\n                <div data-colibri-id=\"8-c17\" class=\"h-text h-text-component style-270 style-local-8-c17 position-relative h-element\">\n                  <!---->\n                  <!---->\n                  <div class=\"\">\n                    <p>Tauro clima es una empresa dedicada a ofrecer soluciones integrales en climatizaci\u00f3n y refrigeraci\u00f3n. Est\u00e1 compuesta por un equipo de profesionales apasionados por brindar calidad, eficiencia y atenci\u00f3n personalizada, con el objetivo\n                      de garantizar el confort tanto en hogares como en empresas. Cuentan con a\u00f1os de experiencia en el sector y se especializan en sistemas VRF, Centrales, Conductos y Ventilaci\u00f3n.<\/p>\n                  <\/div>\n                <\/div>\n                <div data-colibri-id=\"8-c22\" class=\"d-block style-517 style-local-8-c22 position-relative h-element\">\n                  <!---->\n                  <div class=\"h-image__frame-container-outer\">\n                    <div class=\"h-image__frame-container\">\n                      <!---->\n                      <!---->\n                      <img fetchpriority=\"high\" decoding=\"async\" width=\"720\" height=\"360\" src=\"https:\/\/tauroclima.com\/wp-content\/uploads\/2025\/05\/IMG_0286-1.jpg\" class=\"wp-image-190 style-517-image style-local-8-c22-image\" alt=\"\" \/>\n                      <div class=\"h-image__frame h-hide-lg h-hide-md h-hide-sm style-517-frameImage style-local-8-c22-frameImage\"><\/div>\n                    <\/div>\n                  <\/div>\n                <\/div>\n              <\/div>\n            <\/div>\n          <\/div>\n        <\/div>\n      <\/div>\n    <\/div>\n  <\/div>\n<\/div>","protected":false},"excerpt":{"rendered":"<p>Quienes somos Tauro clima es una empresa dedicada a ofrecer soluciones integrales en [&hellip;]<\/p>\n","protected":false},"author":1,"featured_media":0,"parent":0,"menu_order":0,"comment_status":"closed","ping_status":"closed","template":"page-templates\/full-width-page.php","meta":{"footnotes":""},"class_list":["post-8","page","type-page","status-publish","hentry"],"jetpack_sharing_enabled":true,"_links":{"self":[{"href":"https:\/\/tauroclima.com\/index.php?rest_route=\/wp\/v2\/pages\/8","targetHints":{"allow":["GET"]}}],"collection":[{"href":"https:\/\/tauroclima.com\/index.php?rest_route=\/wp\/v2\/pages"}],"about":[{"href":"https:\/\/tauroclima.com\/index.php?rest_route=\/wp\/v2\/types\/page"}],"author":[{"embeddable":true,"href":"https:\/\/tauroclima.com\/index.php?rest_route=\/wp\/v2\/users\/1"}],"replies":[{"embeddable":true,"href":"https:\/\/tauroclima.com\/index.php?rest_route=%2Fwp%2Fv2%2Fcomments&post=8"}],"version-history":[{"count":5,"href":"https:\/\/tauroclima.com\/index.php?rest_route=\/wp\/v2\/pages\/8\/revisions"}],"predecessor-version":[{"id":410,"href":"https:\/\/tauroclima.com\/index.php?rest_route=\/wp\/v2\/pages\/8\/revisions\/410"}],"wp:attachment":[{"href":"https:\/\/tauroclima.com\/index.php?rest_route=%2Fwp%2Fv2%2Fmedia&parent=8"}],"curies":[{"name":"wp","href":"https:\/\/api.w.org\/{rel}","templated":true}]}}